{"id":5021,"date":"2019-09-27T10:56:50","date_gmt":"2019-09-27T08:56:50","guid":{"rendered":"https:\/\/www.alexasalphabet.com\/?post_type=product&#038;p=5021"},"modified":"2022-11-28T12:23:27","modified_gmt":"2022-11-28T11:23:27","slug":"expressionist-rock-kinder","status":"publish","type":"product","link":"https:\/\/www.alexasalphabet.com\/en\/shop\/expressionist-rock-kinder\/","title":{"rendered":"Expressionist-Rock &#8211; Kinder"},"content":{"rendered":"<ul>\n<li>Flared skirt made of solid organic cotton poplin (GOTS certified)<\/li>\n<li>buntes Farbmuster auf lila Grund<\/li>\n<li>Elastic waistband made from organic cotton and lurex (GOTS certified)<\/li>\n<li>Designed and tailored in Germany<\/li>\n<li>Machine washable, break-in-proof<\/li>\n<li>vielseitig zu kombinieren<\/li>\n<li>Kita- tauglich und erprobt<\/li>\n<li>die R\u00f6cke k\u00f6nnen vom Bild leicht abweichen, durch den gro\u00dffl\u00e4chigen Rapport<\/li>\n<li>Size XS, length approx. 30 cm corresponds to age 1-2 years<\/li>\n<\/ul>","protected":false},"excerpt":{"rendered":"<ul>\n<li>Flared skirt made of solid organic cotton poplin (GOTS certified)<\/li>\n<li>buntes Farbmuster auf lila Grund<\/li>\n<li>Elastic waistband made from organic cotton and lurex (GOTS certified)<\/li>\n<li>Designed and tailored in Germany<\/li>\n<li>Machine washable, break-in-proof<\/li>\n<li>vielseitig zu kombinieren<\/li>\n<li>die R\u00f6cke k\u00f6nnen vom Bild leicht abweichen, durch den gro\u00dffl\u00e4chigen Rapport<\/li>\n<\/ul>","protected":false},"featured_media":5023,"template":"","meta":{"_seopress_robots_primary_cat":"none","_seopress_titles_title":"","_seopress_titles_desc":"","_seopress_robots_index":""},"product_brand":[],"product_cat":[56,34,40,35,87],"product_tag":[],"class_list":{"0":"post-5021","1":"product","2":"type-product","3":"status-publish","4":"has-post-thumbnail","6":"product_cat-bestseller","7":"product_cat-kinder","8":"product_cat-maedchen","9":"product_cat-roecke-kinder","10":"product_cat-sale","11":"product_shipping_class-versandkostenpauschale-ermaessigt","13":"first","14":"instock","15":"taxable","16":"shipping-taxable","17":"purchasable","18":"product-type-variable"},"_links":{"self":[{"href":"https:\/\/www.alexasalphabet.com\/en\/wp-json\/wp\/v2\/product\/5021","targetHints":{"allow":["GET"]}}],"collection":[{"href":"https:\/\/www.alexasalphabet.com\/en\/wp-json\/wp\/v2\/product"}],"about":[{"href":"https:\/\/www.alexasalphabet.com\/en\/wp-json\/wp\/v2\/types\/product"}],"wp:featuredmedia":[{"embeddable":true,"href":"https:\/\/www.alexasalphabet.com\/en\/wp-json\/wp\/v2\/media\/5023"}],"wp:attachment":[{"href":"https:\/\/www.alexasalphabet.com\/en\/wp-json\/wp\/v2\/media?parent=5021"}],"wp:term":[{"taxonomy":"product_brand","embeddable":true,"href":"https:\/\/www.alexasalphabet.com\/en\/wp-json\/wp\/v2\/product_brand?post=5021"},{"taxonomy":"product_cat","embeddable":true,"href":"https:\/\/www.alexasalphabet.com\/en\/wp-json\/wp\/v2\/product_cat?post=5021"},{"taxonomy":"product_tag","embeddable":true,"href":"https:\/\/www.alexasalphabet.com\/en\/wp-json\/wp\/v2\/product_tag?post=5021"}],"curies":[{"name":"wp","href":"https:\/\/api.w.org\/{rel}","templated":true}]}}