{"id":3443,"date":"2019-08-09T17:59:25","date_gmt":"2019-08-09T15:59:25","guid":{"rendered":"https:\/\/www.alexasalphabet.com\/?post_type=product&#038;p=3443"},"modified":"2026-03-26T12:47:04","modified_gmt":"2026-03-26T11:47:04","slug":"hemdblusenkleid-wild-birds","status":"publish","type":"product","link":"https:\/\/www.alexasalphabet.com\/en\/shop\/hemdblusenkleid-wild-birds\/","title":{"rendered":"Hemdblusenkleid wild birds"},"content":{"rendered":"<ul>\n<li>Hemdblusenkleid aus luftiger Bio-Baumwollpopeline (GOTS-zertifiziert)<\/li>\n<li>Druck mit Kranichen und exotischen V\u00f6geln auf mitternachtsblauem Grund<\/li>\n<li>Knopfleiste und \u00c4rmelmanschetten mit GOTS-zertifizierten Perlmuttkn\u00f6pfen<\/li>\n<li>gerade geschnittene Silhouette<\/li>\n<li>lockere Passform<\/li>\n<li>Side pockets<\/li>\n<li>schmaler, abnehmbarer Bindeg\u00fcrtel f\u00fcr eine Taillierung nach Belieben<\/li>\n<li>Designed and tailored in Germany<\/li>\n<li>Machine washable, break-in-proof<\/li>\n<li>easy to wear \u2013 easy to care<\/li>\n<li>L\u00e4nge: knieumspielend<\/li>\n<\/ul>","protected":false},"excerpt":{"rendered":"<p>Hemdblusenkleid aus luftiger Bio-Baumwollpopeline (GOTS-zertifiziert) Druck mit Kranichen und exotischen V\u00f6geln auf mitternachtsblauem Grund Knopfleiste und \u00c4rmelmanschetten mit GOTS-zertifizierten Perlmuttkn\u00f6pfen gerade geschnittene Silhouette lockere Passform seitliche Eingriffstaschen schmaler, abnehmbarer Bindeg\u00fcrtel f\u00fcr eine Taillierung nach Belieben in Deutschland geschneidert maschinenwaschbar, einlaufsicher easy to wear \u2013 easy to care L\u00e4nge: knieumspielend<\/p>","protected":false},"featured_media":3475,"template":"","meta":{"_seopress_robots_primary_cat":"none","_seopress_titles_title":"","_seopress_titles_desc":"","_seopress_robots_index":""},"product_brand":[],"product_cat":[56,37,32,36],"product_tag":[],"class_list":{"0":"post-3443","1":"product","2":"type-product","3":"status-publish","4":"has-post-thumbnail","6":"product_cat-bestseller","7":"product_cat-damen","8":"product_cat-erwachsene","9":"product_cat-kleider","10":"product_shipping_class-versandkostenpauschale","12":"first","13":"instock","14":"taxable","15":"shipping-taxable","16":"purchasable","17":"product-type-variable"},"_links":{"self":[{"href":"https:\/\/www.alexasalphabet.com\/en\/wp-json\/wp\/v2\/product\/3443","targetHints":{"allow":["GET"]}}],"collection":[{"href":"https:\/\/www.alexasalphabet.com\/en\/wp-json\/wp\/v2\/product"}],"about":[{"href":"https:\/\/www.alexasalphabet.com\/en\/wp-json\/wp\/v2\/types\/product"}],"wp:featuredmedia":[{"embeddable":true,"href":"https:\/\/www.alexasalphabet.com\/en\/wp-json\/wp\/v2\/media\/3475"}],"wp:attachment":[{"href":"https:\/\/www.alexasalphabet.com\/en\/wp-json\/wp\/v2\/media?parent=3443"}],"wp:term":[{"taxonomy":"product_brand","embeddable":true,"href":"https:\/\/www.alexasalphabet.com\/en\/wp-json\/wp\/v2\/product_brand?post=3443"},{"taxonomy":"product_cat","embeddable":true,"href":"https:\/\/www.alexasalphabet.com\/en\/wp-json\/wp\/v2\/product_cat?post=3443"},{"taxonomy":"product_tag","embeddable":true,"href":"https:\/\/www.alexasalphabet.com\/en\/wp-json\/wp\/v2\/product_tag?post=3443"}],"curies":[{"name":"wp","href":"https:\/\/api.w.org\/{rel}","templated":true}]}}