{"id":2762,"date":"2019-07-16T23:27:10","date_gmt":"2019-07-16T21:27:10","guid":{"rendered":"https:\/\/alexasalphabet.com\/?post_type=product&#038;p=2762"},"modified":"2026-04-12T18:39:04","modified_gmt":"2026-04-12T16:39:04","slug":"eisvogel-rock-damen","status":"publish","type":"product","link":"https:\/\/www.alexasalphabet.com\/en\/shop\/eisvogel-rock-damen\/","title":{"rendered":"Eisvogel Mama Rock &#8211; Midi"},"content":{"rendered":"<ul>\n<li>Flared skirt made of light organic cotton (GOTS certified)<\/li>\n<li>Print with exotic birds on an ice blue background<\/li>\n<li>Side pockets<\/li>\n<li>Midi Length, designed to be worn just below the natural waist<\/li>\n<li>Elastic waistband made from organic cotton and lurex (GOTS certified)<\/li>\n<li>Designed and tailored in Germany<\/li>\n<li>Machine washable, break-in-proof<\/li>\n<li>Size \"one size\" can be worn from size 36 up to 42<\/li>\n<li>Total length approx. 63 cm<\/li>\n<li>Mini-me Look m\u00f6glich<\/li>\n<\/ul>","protected":false},"excerpt":{"rendered":"<p>ausgestellter Rock aus luftiger Bio-Baumwollpopeline (GOTS-zertifiziert) \u2028Druck mit exotischen V\u00f6geln auf eisblauem Grund seitliche Eingriffstaschen \u2028Rock in Midi-L\u00e4nge elastischer Bund aus Bio-Baumwolle und Lurex (GOTS-zertifiziert) in Deutschland geschneidert maschinenwaschbar, einlaufsicher Gr\u00f6\u00dfe one Size l\u00e4sst sich von Gr. 36 bis 42 tragen L\u00e4nge: ca. 63 cm Mini-me Look m\u00f6glich<\/p>","protected":false},"featured_media":2764,"template":"","meta":{"_seopress_robots_primary_cat":"none","_seopress_titles_title":"","_seopress_titles_desc":"","_seopress_robots_index":""},"product_brand":[],"product_cat":[56,37,32,55,33],"product_tag":[80,43,39,38],"class_list":{"0":"post-2762","1":"product","2":"type-product","3":"status-publish","4":"has-post-thumbnail","6":"product_cat-bestseller","7":"product_cat-damen","8":"product_cat-erwachsene","9":"product_cat-new-in","10":"product_cat-roecke","11":"product_tag-dob","12":"product_tag-dub","13":"product_tag-erwachsene","14":"product_tag-rock","15":"product_shipping_class-versandkostenpauschale-ermaessigt","17":"first","18":"outofstock","19":"taxable","20":"shipping-taxable","21":"purchasable","22":"product-type-simple"},"_links":{"self":[{"href":"https:\/\/www.alexasalphabet.com\/en\/wp-json\/wp\/v2\/product\/2762","targetHints":{"allow":["GET"]}}],"collection":[{"href":"https:\/\/www.alexasalphabet.com\/en\/wp-json\/wp\/v2\/product"}],"about":[{"href":"https:\/\/www.alexasalphabet.com\/en\/wp-json\/wp\/v2\/types\/product"}],"wp:featuredmedia":[{"embeddable":true,"href":"https:\/\/www.alexasalphabet.com\/en\/wp-json\/wp\/v2\/media\/2764"}],"wp:attachment":[{"href":"https:\/\/www.alexasalphabet.com\/en\/wp-json\/wp\/v2\/media?parent=2762"}],"wp:term":[{"taxonomy":"product_brand","embeddable":true,"href":"https:\/\/www.alexasalphabet.com\/en\/wp-json\/wp\/v2\/product_brand?post=2762"},{"taxonomy":"product_cat","embeddable":true,"href":"https:\/\/www.alexasalphabet.com\/en\/wp-json\/wp\/v2\/product_cat?post=2762"},{"taxonomy":"product_tag","embeddable":true,"href":"https:\/\/www.alexasalphabet.com\/en\/wp-json\/wp\/v2\/product_tag?post=2762"}],"curies":[{"name":"wp","href":"https:\/\/api.w.org\/{rel}","templated":true}]}}