{"id":20269,"date":"2025-06-03T22:33:20","date_gmt":"2025-06-03T20:33:20","guid":{"rendered":"https:\/\/www.alexasalphabet.com\/?post_type=product&#038;p=20269"},"modified":"2026-03-08T19:02:38","modified_gmt":"2026-03-08T18:02:38","slug":"mantelkleid-kleid-poppy-mit-bindeguertel-aus-luftiger-eco-vero-viskose-mit-allover-print","status":"publish","type":"product","link":"https:\/\/www.alexasalphabet.com\/en\/shop\/mantelkleid-kleid-poppy-mit-bindeguertel-aus-luftiger-eco-vero-viskose-mit-allover-print\/","title":{"rendered":"Mantelkleid- Kleid &#8222;Poppy&#8220; mit Bindeg\u00fcrtel aus luftiger zertifizierter Viskose mit Allover Print"},"content":{"rendered":"<ul>\n<li>Mantelkleid aus besonders weicher Lenzing ECO-VERO Viskose<\/li>\n<li>Klatschmohn Allover Print<\/li>\n<li>schmaler Stehkragen<\/li>\n<li>Side pockets<\/li>\n<li>3\/4 \u00c4rmel<\/li>\n<li>\u2028durchgehen gekn\u00f6pft ( zertifizierte Perlmuttkn\u00f6pfe)<\/li>\n<li>L\u00e4nge: geht \u00fcber das Knie<\/li>\n<li>weite Passform , die durch ein Tailleng\u00fcrtel reguliert werden kann<\/li>\n<li>Designed and tailored in Germany<\/li>\n<li>Machine washable, break-in-proof<\/li>\n<li>Size \"one size\" can be worn from size 36 up to 42<\/li>\n<li>L\u00e4nge: ca. 115 cm<\/li>\n<li>easy to wear &#8211; easy to care<\/li>\n<li>l\u00e4sst sich auch wunderbar mit Pullover oder Strickjacke kombinieren<\/li>\n<li>das Kleid begleitet dich vom Fr\u00fchling bis in den Herbst<\/li>\n<\/ul>","protected":false},"excerpt":{"rendered":"<p>Mantelkleid aus besonders weicher Lenzing ECO-VERO Viskose Klatschmohn Allover Print schmaler Stehkragen seitliche Eingriffstaschen 3\/4 \u00c4rmel \u2028durchgehen gekn\u00f6pft ( zertifizierte Perlmuttkn\u00f6pfe) L\u00e4nge: geht \u00fcber das Knie weite Passform , die durch ein Tailleng\u00fcrtel reguliert werden kann in Deutschland geschneidert maschinenwaschbar, einlaufsicher Gr\u00f6\u00dfe one Size l\u00e4sst sich von Gr. 36 bis 42 tragen L\u00e4nge: ca. 115 [&hellip;]<\/p>\n","protected":false},"featured_media":20217,"template":"","meta":{"_seopress_robots_primary_cat":"none","_seopress_titles_title":"","_seopress_titles_desc":"","_seopress_robots_index":""},"product_brand":[],"product_cat":[56,37,32,36,85],"product_tag":[],"class_list":{"0":"post-20269","1":"product","2":"type-product","3":"status-publish","4":"has-post-thumbnail","6":"product_cat-bestseller","7":"product_cat-damen","8":"product_cat-erwachsene","9":"product_cat-kleider","10":"product_cat-mutter-kind-outfits","11":"product_shipping_class-versandkostenpauschale-ermaessigt","13":"first","14":"outofstock","15":"taxable","16":"shipping-taxable","17":"purchasable","18":"product-type-simple"},"_links":{"self":[{"href":"https:\/\/www.alexasalphabet.com\/en\/wp-json\/wp\/v2\/product\/20269","targetHints":{"allow":["GET"]}}],"collection":[{"href":"https:\/\/www.alexasalphabet.com\/en\/wp-json\/wp\/v2\/product"}],"about":[{"href":"https:\/\/www.alexasalphabet.com\/en\/wp-json\/wp\/v2\/types\/product"}],"wp:featuredmedia":[{"embeddable":true,"href":"https:\/\/www.alexasalphabet.com\/en\/wp-json\/wp\/v2\/media\/20217"}],"wp:attachment":[{"href":"https:\/\/www.alexasalphabet.com\/en\/wp-json\/wp\/v2\/media?parent=20269"}],"wp:term":[{"taxonomy":"product_brand","embeddable":true,"href":"https:\/\/www.alexasalphabet.com\/en\/wp-json\/wp\/v2\/product_brand?post=20269"},{"taxonomy":"product_cat","embeddable":true,"href":"https:\/\/www.alexasalphabet.com\/en\/wp-json\/wp\/v2\/product_cat?post=20269"},{"taxonomy":"product_tag","embeddable":true,"href":"https:\/\/www.alexasalphabet.com\/en\/wp-json\/wp\/v2\/product_tag?post=20269"}],"curies":[{"name":"wp","href":"https:\/\/api.w.org\/{rel}","templated":true}]}}