{"id":19869,"date":"2022-11-22T10:21:28","date_gmt":"2022-11-22T09:21:28","guid":{"rendered":"https:\/\/www.alexasalphabet.com\/?post_type=product&#038;p=19869"},"modified":"2025-11-16T18:35:20","modified_gmt":"2025-11-16T17:35:20","slug":"around-the-clock-dress-kleid-durchgeknoepft-und-rueschensaum-im-karodessin","status":"publish","type":"product","link":"https:\/\/www.alexasalphabet.com\/en\/shop\/around-the-clock-dress-kleid-durchgeknoepft-und-rueschensaum-im-karodessin\/","title":{"rendered":"Around the clock dress &#8211; Kleid durchgekn\u00f6pft und R\u00fcschensaum im Karodessin"},"content":{"rendered":"<ul>\n<li>Gro\u00dfartiges Kleid f\u00fcr den Alltag from tust till dawn bzw around the clock halt<\/li>\n<li>Gefertigt aus fester Bio-Baumwollpopeline<\/li>\n<li>Karodessin und R\u00fcschensaum<\/li>\n<li>Knopfleiste mit GOTS-zertifizierten Perlmuttkn\u00f6pfen<\/li>\n<li>leichte A-Linie<\/li>\n<li>lockere Passform, f\u00e4llt eher gr\u00f6\u00dfer aus<\/li>\n<li>Designed and tailored in Germany<\/li>\n<li>Machine washable, break-in-proof<\/li>\n<li>easy to wear \u2013 easy to care<\/li>\n<li>L\u00e4nge: knieumspielend<\/li>\n<\/ul>","protected":false},"excerpt":{"rendered":"<p>Gro\u00dfartiges Kleid f\u00fcr den Alltag from tust till dawn bzw around the clock halt Gefertigt aus fester Bio-Baumwollpopeline Karodessin und R\u00fcschensaum Knopfleiste mit GOTS-zertifizierten Perlmuttkn\u00f6pfen leichte A-Linie lockere Passform, f\u00e4llt eher gr\u00f6\u00dfer aus in Deutschland geschneidert maschinenwaschbar, einlaufsicher easy to wear \u2013 easy to care L\u00e4nge: knieumspielend<\/p>","protected":false},"featured_media":19879,"template":"","meta":{"_seopress_robots_primary_cat":"none","_seopress_titles_title":"","_seopress_titles_desc":"","_seopress_robots_index":""},"product_brand":[],"product_cat":[15,37,36,87,107],"product_tag":[],"class_list":{"0":"post-19869","1":"product","2":"type-product","3":"status-publish","4":"has-post-thumbnail","6":"product_cat-unkategorisiert","7":"product_cat-damen","8":"product_cat-kleider","9":"product_cat-sale","10":"product_cat-sale-damen","12":"first","13":"instock","14":"sale","15":"taxable","16":"shipping-taxable","17":"purchasable","18":"product-type-variable"},"_links":{"self":[{"href":"https:\/\/www.alexasalphabet.com\/en\/wp-json\/wp\/v2\/product\/19869","targetHints":{"allow":["GET"]}}],"collection":[{"href":"https:\/\/www.alexasalphabet.com\/en\/wp-json\/wp\/v2\/product"}],"about":[{"href":"https:\/\/www.alexasalphabet.com\/en\/wp-json\/wp\/v2\/types\/product"}],"wp:featuredmedia":[{"embeddable":true,"href":"https:\/\/www.alexasalphabet.com\/en\/wp-json\/wp\/v2\/media\/19879"}],"wp:attachment":[{"href":"https:\/\/www.alexasalphabet.com\/en\/wp-json\/wp\/v2\/media?parent=19869"}],"wp:term":[{"taxonomy":"product_brand","embeddable":true,"href":"https:\/\/www.alexasalphabet.com\/en\/wp-json\/wp\/v2\/product_brand?post=19869"},{"taxonomy":"product_cat","embeddable":true,"href":"https:\/\/www.alexasalphabet.com\/en\/wp-json\/wp\/v2\/product_cat?post=19869"},{"taxonomy":"product_tag","embeddable":true,"href":"https:\/\/www.alexasalphabet.com\/en\/wp-json\/wp\/v2\/product_tag?post=19869"}],"curies":[{"name":"wp","href":"https:\/\/api.w.org\/{rel}","templated":true}]}}