{"id":19711,"date":"2022-08-12T10:13:44","date_gmt":"2022-08-12T08:13:44","guid":{"rendered":"https:\/\/www.alexasalphabet.com\/?post_type=product&#038;p=19711"},"modified":"2025-11-16T18:25:36","modified_gmt":"2025-11-16T17:25:36","slug":"vacationkleid-kleid-mille-fleurs","status":"publish","type":"product","link":"https:\/\/www.alexasalphabet.com\/en\/shop\/vacationkleid-kleid-mille-fleurs\/","title":{"rendered":"Vacationkleid- Kleid mille fleurs &#8211; R\u00fcschensaum"},"content":{"rendered":"<ul>\n<li>Sommerkleid aus Bio- Baumwolle (GOTS-zertifiziert)<\/li>\n<li>&#8222;Mille Fleurs&#8220; Druck in rot-rosa-pink<\/li>\n<li>Rundhals<\/li>\n<li>Side pockets<\/li>\n<li>schmale R\u00fcsche als \u00c4rmel<\/li>\n<li>\u2028Oberteil gekn\u00f6pft ( GOTS zertifizierte Perlmuttkn\u00f6pfe)<\/li>\n<li>L\u00e4nge: umspielt das Knie<\/li>\n<li>enge Passform, durch Gummiband in der Taille<\/li>\n<li>Designed and tailored in Germany<\/li>\n<li>Machine washable, break-in-proof<\/li>\n<li>easy to wear &#8211; easy to care<\/li>\n<li>absolutes Lieblingskleid und ideal f\u00fcr warme Sommertage<\/li>\n<li><\/li>\n<\/ul>","protected":false},"excerpt":{"rendered":"<p>Sommerkleid aus Bio- Baumwolle (GOTS-zertifiziert) &#8222;Mille Fleurs&#8220; Druck in rot-rosa-pink Rundhals seitliche Eingriffstaschen schmale R\u00fcsche als \u00c4rmel \u2028Oberteil gekn\u00f6pft ( GOTS zertifizierte Perlmuttkn\u00f6pfe) L\u00e4nge: umspielt das Knie enge Passform, durch Gummiband in der Taille in Deutschland geschneidert maschinenwaschbar, einlaufsicher easy to wear &#8211; easy to care absolutes Lieblingskleid und ideal f\u00fcr warme Sommertage<\/p>","protected":false},"featured_media":19972,"template":"","meta":{"_seopress_robots_primary_cat":"none","_seopress_titles_title":"","_seopress_titles_desc":"","_seopress_robots_index":""},"product_brand":[],"product_cat":[56,37,32,36,87,107],"product_tag":[],"class_list":{"0":"post-19711","1":"product","2":"type-product","3":"status-publish","4":"has-post-thumbnail","6":"product_cat-bestseller","7":"product_cat-damen","8":"product_cat-erwachsene","9":"product_cat-kleider","10":"product_cat-sale","11":"product_cat-sale-damen","12":"product_shipping_class-versandkostenpauschale-ermaessigt","14":"first","15":"instock","16":"sale","17":"taxable","18":"shipping-taxable","19":"purchasable","20":"product-type-variable"},"_links":{"self":[{"href":"https:\/\/www.alexasalphabet.com\/en\/wp-json\/wp\/v2\/product\/19711","targetHints":{"allow":["GET"]}}],"collection":[{"href":"https:\/\/www.alexasalphabet.com\/en\/wp-json\/wp\/v2\/product"}],"about":[{"href":"https:\/\/www.alexasalphabet.com\/en\/wp-json\/wp\/v2\/types\/product"}],"wp:featuredmedia":[{"embeddable":true,"href":"https:\/\/www.alexasalphabet.com\/en\/wp-json\/wp\/v2\/media\/19972"}],"wp:attachment":[{"href":"https:\/\/www.alexasalphabet.com\/en\/wp-json\/wp\/v2\/media?parent=19711"}],"wp:term":[{"taxonomy":"product_brand","embeddable":true,"href":"https:\/\/www.alexasalphabet.com\/en\/wp-json\/wp\/v2\/product_brand?post=19711"},{"taxonomy":"product_cat","embeddable":true,"href":"https:\/\/www.alexasalphabet.com\/en\/wp-json\/wp\/v2\/product_cat?post=19711"},{"taxonomy":"product_tag","embeddable":true,"href":"https:\/\/www.alexasalphabet.com\/en\/wp-json\/wp\/v2\/product_tag?post=19711"}],"curies":[{"name":"wp","href":"https:\/\/api.w.org\/{rel}","templated":true}]}}