{"id":19594,"date":"2022-04-05T18:33:23","date_gmt":"2022-04-05T16:33:23","guid":{"rendered":"https:\/\/www.alexasalphabet.com\/?post_type=product&#038;p=19594"},"modified":"2024-09-20T14:07:15","modified_gmt":"2024-09-20T12:07:15","slug":"t-shirtbluse-mit-streifen-und-volant-aus-reiner-bio-baumwolle-oxford","status":"publish","type":"product","link":"https:\/\/www.alexasalphabet.com\/en\/shop\/t-shirtbluse-mit-streifen-und-volant-aus-reiner-bio-baumwolle-oxford\/","title":{"rendered":"T-shirtbluse mit Streifen und Volant aus reiner Bio-Baumwolle Oxford"},"content":{"rendered":"<p>&nbsp;<\/p>\n<ul>\n<li>T-shirt mit Volant aus reiner Bio- Baumwolle<\/li>\n<li>klassischer Oxford-Streifen in blau-wei\u00df<\/li>\n<li>kleiner Knopf im R\u00fcckenteil<\/li>\n<li>gerade Schnittform<\/li>\n<li>Material: 100% Bio- Baumwolle ( zertifiziert) in Deutschland gefertigt<\/li>\n<li>L\u00e4nge ca. \u00a060cm<\/li>\n<li>Artikel f\u00e4llt normal aus, wenn du dir unsicher bist, w\u00e4hle lieber eine Nummer gr\u00f6sser.<\/li>\n<li>easy to care easy to wear<\/li>\n<li>Maschinenw\u00e4sche geeignet<\/li>\n<li>absolutes Lieblingsst\u00fcck in deinem Kleiderschrank<\/li>\n<li><\/li>\n<\/ul>","protected":false},"excerpt":{"rendered":"<p>&nbsp;<\/p>\n<p>&nbsp;<\/p>","protected":false},"featured_media":19599,"template":"","meta":{"_seopress_robots_primary_cat":"none","_seopress_titles_title":"","_seopress_titles_desc":"","_seopress_robots_index":""},"product_brand":[],"product_cat":[104,32,55],"product_tag":[105,106],"class_list":{"0":"post-19594","1":"product","2":"type-product","3":"status-publish","4":"has-post-thumbnail","6":"product_cat-blusen","7":"product_cat-erwachsene","8":"product_cat-new-in","9":"product_tag-bluse","10":"product_tag-rueschenbluseblumenprint","11":"product_shipping_class-versandkostenpauschale-ermaessigt","13":"first","14":"instock","15":"taxable","16":"shipping-taxable","17":"purchasable","18":"product-type-variable"},"_links":{"self":[{"href":"https:\/\/www.alexasalphabet.com\/en\/wp-json\/wp\/v2\/product\/19594","targetHints":{"allow":["GET"]}}],"collection":[{"href":"https:\/\/www.alexasalphabet.com\/en\/wp-json\/wp\/v2\/product"}],"about":[{"href":"https:\/\/www.alexasalphabet.com\/en\/wp-json\/wp\/v2\/types\/product"}],"wp:featuredmedia":[{"embeddable":true,"href":"https:\/\/www.alexasalphabet.com\/en\/wp-json\/wp\/v2\/media\/19599"}],"wp:attachment":[{"href":"https:\/\/www.alexasalphabet.com\/en\/wp-json\/wp\/v2\/media?parent=19594"}],"wp:term":[{"taxonomy":"product_brand","embeddable":true,"href":"https:\/\/www.alexasalphabet.com\/en\/wp-json\/wp\/v2\/product_brand?post=19594"},{"taxonomy":"product_cat","embeddable":true,"href":"https:\/\/www.alexasalphabet.com\/en\/wp-json\/wp\/v2\/product_cat?post=19594"},{"taxonomy":"product_tag","embeddable":true,"href":"https:\/\/www.alexasalphabet.com\/en\/wp-json\/wp\/v2\/product_tag?post=19594"}],"curies":[{"name":"wp","href":"https:\/\/api.w.org\/{rel}","templated":true}]}}