{"id":67,"date":"2019-05-22T17:46:46","date_gmt":"2019-05-22T15:46:46","guid":{"rendered":"https:\/\/alexasalphabet.com\/?page_id=67"},"modified":"2019-08-12T07:49:16","modified_gmt":"2019-08-12T05:49:16","slug":"nachhaltigkeit","status":"publish","type":"page","link":"https:\/\/www.alexasalphabet.com\/en\/about\/nachhaltigkeit\/","title":{"rendered":"Sustainability"},"content":{"rendered":"<div data-elementor-type=\"wp-post\" data-elementor-id=\"67\" class=\"elementor elementor-67\" data-elementor-post-type=\"page\">\n\t\t\t\t\t\t<section class=\"elementor-section elementor-top-section elementor-element elementor-element-214fe47 elementor-section-boxed elementor-section-height-default elementor-section-height-default\" data-id=\"214fe47\" data-element_type=\"section\" data-e-type=\"section\">\n\t\t\t\t\t\t<div class=\"elementor-container elementor-column-gap-default\">\n\t\t\t\t\t<div class=\"elementor-column elementor-col-100 elementor-top-column elementor-element elementor-element-f201586\" data-id=\"f201586\" data-element_type=\"column\" data-e-type=\"column\">\n\t\t\t<div class=\"elementor-widget-wrap elementor-element-populated\">\n\t\t\t\t\t\t<div class=\"elementor-element elementor-element-c2aa6dc elementor-widget elementor-widget-heading\" data-id=\"c2aa6dc\" data-element_type=\"widget\" data-e-type=\"widget\" data-widget_type=\"heading.default\">\n\t\t\t\t<div class=\"elementor-widget-container\">\n\t\t\t\t\t<h2 class=\"elementor-heading-title elementor-size-default\">Sustainability<\/h2>\t\t\t\t<\/div>\n\t\t\t\t<\/div>\n\t\t\t\t<div class=\"elementor-element elementor-element-d52029a elementor-widget elementor-widget-image\" data-id=\"d52029a\" data-element_type=\"widget\" data-e-type=\"widget\" data-widget_type=\"image.default\">\n\t\t\t\t<div class=\"elementor-widget-container\">\n\t\t\t\t\t\t\t\t\t\t\t\t\t\t\t<img fetchpriority=\"high\" decoding=\"async\" width=\"2600\" height=\"1733\" src=\"https:\/\/www.alexasalphabet.com\/wp-content\/uploads\/2019\/08\/web-07760.jpg\" class=\"attachment-full size-full wp-image-3530\" alt=\"\" srcset=\"https:\/\/www.alexasalphabet.com\/wp-content\/uploads\/2019\/08\/web-07760.jpg 2600w, https:\/\/www.alexasalphabet.com\/wp-content\/uploads\/2019\/08\/web-07760-300x200.jpg 300w, https:\/\/www.alexasalphabet.com\/wp-content\/uploads\/2019\/08\/web-07760-768x512.jpg 768w, https:\/\/www.alexasalphabet.com\/wp-content\/uploads\/2019\/08\/web-07760-1024x683.jpg 1024w, https:\/\/www.alexasalphabet.com\/wp-content\/uploads\/2019\/08\/web-07760-800x533.jpg 800w\" sizes=\"(max-width: 2600px) 100vw, 2600px\" \/>\t\t\t\t\t\t\t\t\t\t\t\t\t\t\t<\/div>\n\t\t\t\t<\/div>\n\t\t\t\t<div class=\"elementor-element elementor-element-ee81452 elementor-widget elementor-widget-text-editor\" data-id=\"ee81452\" data-element_type=\"widget\" data-e-type=\"widget\" data-widget_type=\"text-editor.default\">\n\t\t\t\t<div class=\"elementor-widget-container\">\n\t\t\t\t\t\t\t\t\t<p><strong>Everyone is talking about sustainability these days, yet still too little is done to find practical solutions, especially as far as the fashion industry is concerned - one of the world\u2019s largest polluters, second only to the oil industry.\u00a0<\/strong><\/p><p>Global polyester production consumes more than 11 billion litres of oil every year and all this for a fabric that releases micro plastics with every wash and takes 200 years to decompose. Yet thanks to its cheap price, polyester remains indispensable to fast fashion.   \n\nHowever, even the cotton used is seldom orgnically sourced. Each year, millions of farm workers in the cotton industry suffer from poisoning as a result of the use of pesticides. \n\nAlexa\u2019s Alphabet only uses organic cotton, certified with the GOTS seal, which requires adherence to the strictest manufacturing standards of materials from organically sourced fabrics.<\/p><p>Sustainability also means fair working conditions, labour rights, zero child labour and fair pay across the entire value chain. Through our production in Germany, I personally know all manufacturers and I can confidently say that we operate under fair conditions.<\/p><p>Local production also has the benefit of shorter trading routes, which saves resources.<\/p><p>It is particularly important for us that our clothes can be worn regardless of season or weather, which is why we have chosen timeless designs and varied prints.<\/p><p>And it is the case that our children\u2019s skirts are made to grow and last with the child. Each skirt has an elasticated waste and a flexible style meaning that at the beginning it may fall below the knee, then on the knee, then over the knee, but in this way creating years of wear, that can be passed on for siblings or friends to continue to enjoy!<\/p><p>Our cotton skirts are robust and easy to wash. So whether at the playground, nursery or a family party they can be worn time and again, without suffering damage or being left to linger at the back of the wardrobe!<\/p>\t\t\t\t\t\t\t\t<\/div>\n\t\t\t\t<\/div>\n\t\t\t\t\t<\/div>\n\t\t<\/div>\n\t\t\t\t\t<\/div>\n\t\t<\/section>\n\t\t\t\t<\/div>","protected":false},"excerpt":{"rendered":"<p>Nachhaltigkeit Das Wort \u201eNachhaltigkeit\u201c ist zwar in aller Munde, doch sehe ich nach wie vor viel zu wenig bei der Umsetzung &#8230; zumindest in der Modeindustrie, die nach der \u00d6l-Industrie einer der gr\u00f6\u00dften Umweltverschmutzer ist.\u00a0 F\u00fcr die Produktion der Faser Polyester werden im Jahr \u00fcber 11 Mrd. Liter \u00d6l verwendet \u2013 eine Faser, die dann [&hellip;]<\/p>\n","protected":false},"author":1,"featured_media":0,"parent":63,"menu_order":0,"comment_status":"closed","ping_status":"closed","template":"","meta":{"_seopress_robots_primary_cat":"","_seopress_titles_title":"","_seopress_titles_desc":"","_seopress_robots_index":"","footnotes":""},"class_list":["post-67","page","type-page","status-publish","hentry"],"_links":{"self":[{"href":"https:\/\/www.alexasalphabet.com\/en\/wp-json\/wp\/v2\/pages\/67","targetHints":{"allow":["GET"]}}],"collection":[{"href":"https:\/\/www.alexasalphabet.com\/en\/wp-json\/wp\/v2\/pages"}],"about":[{"href":"https:\/\/www.alexasalphabet.com\/en\/wp-json\/wp\/v2\/types\/page"}],"author":[{"embeddable":true,"href":"https:\/\/www.alexasalphabet.com\/en\/wp-json\/wp\/v2\/users\/1"}],"replies":[{"embeddable":true,"href":"https:\/\/www.alexasalphabet.com\/en\/wp-json\/wp\/v2\/comments?post=67"}],"version-history":[{"count":4,"href":"https:\/\/www.alexasalphabet.com\/en\/wp-json\/wp\/v2\/pages\/67\/revisions"}],"predecessor-version":[{"id":3532,"href":"https:\/\/www.alexasalphabet.com\/en\/wp-json\/wp\/v2\/pages\/67\/revisions\/3532"}],"up":[{"embeddable":true,"href":"https:\/\/www.alexasalphabet.com\/en\/wp-json\/wp\/v2\/pages\/63"}],"wp:attachment":[{"href":"https:\/\/www.alexasalphabet.com\/en\/wp-json\/wp\/v2\/media?parent=67"}],"curies":[{"name":"wp","href":"https:\/\/api.w.org\/{rel}","templated":true}]}}