{"id":42,"date":"2019-05-22T11:58:14","date_gmt":"2019-05-22T09:58:14","guid":{"rendered":"https:\/\/alexasalphabet.com\/impressum\/"},"modified":"2021-01-11T23:39:40","modified_gmt":"2021-01-11T22:39:40","slug":"impressum","status":"publish","type":"page","link":"https:\/\/www.alexasalphabet.com\/en\/impressum\/","title":{"rendered":"Legal notice"},"content":{"rendered":"<div data-elementor-type=\"wp-post\" data-elementor-id=\"42\" class=\"elementor elementor-42\" data-elementor-post-type=\"page\">\n\t\t\t\t\t\t<section class=\"elementor-section elementor-top-section elementor-element elementor-element-1c8cbd08 elementor-section-boxed elementor-section-height-default elementor-section-height-default\" data-id=\"1c8cbd08\" data-element_type=\"section\" data-e-type=\"section\">\n\t\t\t\t\t\t<div class=\"elementor-container elementor-column-gap-default\">\n\t\t\t\t\t<div class=\"elementor-column elementor-col-100 elementor-top-column elementor-element elementor-element-348a572f\" data-id=\"348a572f\" data-element_type=\"column\" data-e-type=\"column\">\n\t\t\t<div class=\"elementor-widget-wrap elementor-element-populated\">\n\t\t\t\t\t\t<div class=\"elementor-element elementor-element-12da7ed elementor-widget elementor-widget-heading\" data-id=\"12da7ed\" data-element_type=\"widget\" data-e-type=\"widget\" data-widget_type=\"heading.default\">\n\t\t\t\t<div class=\"elementor-widget-container\">\n\t\t\t\t\t<h2 class=\"elementor-heading-title elementor-size-default\">Legal notice<\/h2>\t\t\t\t<\/div>\n\t\t\t\t<\/div>\n\t\t\t\t<div class=\"elementor-element elementor-element-77bb4c3a elementor-widget elementor-widget-text-editor\" data-id=\"77bb4c3a\" data-element_type=\"widget\" data-e-type=\"widget\" data-widget_type=\"text-editor.default\">\n\t\t\t\t<div class=\"elementor-widget-container\">\n\t\t\t\t\t\t\t\t\t<p><strong>Angaben gem. \u00a7 5 TMG<\/strong><\/p><p>Alexas Alphabet<br \/>Alexa Findeisen<br \/>Glehner Weg 11 <br \/>41464 Neuss <\/p><p>0176-32615704<br \/>info@alexasalphabet.com<\/p><p><strong><br \/>Umsatzsteuer-ID<br \/><\/strong>Umsatzsteuer-Identifikationsnummer gem. \u00a7 27 a Umsatzsteuergesetz:<br \/>DE 302304616 \u2013 Finanzamt Neuss<\/p><p><strong><br \/>Fotos<br \/><\/strong>Anna Mayer-Kahlen Fotografie<br \/>Truthdesign grafik &amp; fotografie<\/p><p><strong><br \/>Haftungsausschluss<\/strong><\/p><p><u>Haftung f\u00fcr Inhalte<\/u><\/p><p>Alle Inhalte unseres Internetauftritts wurden mit gr\u00f6\u00dfter Sorgfalt und nach bestem Gewissen erstellt. F\u00fcr die Richtigkeit, Vollst\u00e4ndigkeit und Aktualit\u00e4t der Inhalte k\u00f6nnen wir jedoch keine Gew\u00e4hr \u00fcbernehmen. Als Diensteanbieter sind wir gem\u00e4\u00df \u00a7 7 Abs.1 TMG f\u00fcr eigene Inhalte auf diesen Seiten nach den allgemeinen Gesetzen verantwortlich. Nach \u00a7\u00a7 8 bis 10 TMG sind wir als Diensteanbieter jedoch nicht verpflichtet, \u00fcbermittelte oder gespeicherte fremde Informationen zu \u00fcberwachen oder nach Umst\u00e4nden zu forschen, die auf eine rechtswidrige T\u00e4tigkeit hinweisen. Verpflichtungen zur Entfernung oder Sperrung der Nutzung von Informationen nach den allgemeinen Gesetzen bleiben hiervon unber\u00fchrt.<\/p><p>Eine diesbez\u00fcgliche Haftung ist jedoch erst ab dem Zeitpunkt der Kenntniserlangung einer konkreten Rechtsverletzung m\u00f6glich. Bei Bekanntwerden von den o.g. Rechtsverletzungen werden wir diese Inhalte unverz\u00fcglich entfernen.<\/p><p><u>Haftungsbeschr\u00e4nkung f\u00fcr externe Links<\/u><\/p><p>alexasalphabet.com enth\u00e4lt Links auf externe Webseiten Dritter. Auf die Inhalte dieser direkt oder indirekt verlinkten Webseiten haben wir keinen Einfluss. Daher k\u00f6nnen wir f\u00fcr die \u201eexternen Links\u201c auch keine Gew\u00e4hr auf Richtigkeit der Inhalte \u00fcbernehmen. F\u00fcr die Inhalte der externen Links sind die jeweilige Anbieter oder Betreiber der Seiten verantwortlich.<\/p><p>Die externen Links wurden zum Zeitpunkt der Linksetzung auf eventuelle Rechtsverst\u00f6\u00dfe \u00fcberpr\u00fcft und waren im Zeitpunkt der Linksetzung frei von rechtswidrigen Inhalten. Eine st\u00e4ndige inhaltliche \u00dcberpr\u00fcfung der externen Links ist ohne konkrete Anhaltspunkte einer Rechtsverletzung nicht m\u00f6glich. Bei direkten oder indirekten Verlinkungen auf die Webseiten Dritter, die au\u00dferhalb unseres Verantwortungsbereichs liegen, w\u00fcrde eine Haftungsverpflichtung ausschlie\u00dflich in dem Fall nur bestehen, wenn wir von den Inhalten Kenntnis erlangen und es uns technisch m\u00f6glich und zumutbar w\u00e4re, die Nutzung im Falle rechtswidriger Inhalte zu verhindern.<\/p><p>Diese Haftungsausschlusserkl\u00e4rung gilt auch innerhalb des eigenen Internetauftrittes. F\u00fcr illegale, fehlerhafte oder unvollst\u00e4ndige Inhalte und insbesondere f\u00fcr Sch\u00e4den, die aus der Nutzung oder Nichtnutzung solcherart dargestellten Informationen entstehen, haftet allein der Diensteanbieter der Seite, auf welche verwiesen wurde, nicht derjenige, der \u00fcber Links auf die jeweilige Ver\u00f6ffentlichung lediglich verweist.<\/p><p>Werden uns Rechtsverletzungen bekannt, werden die externen Links durch uns unverz\u00fcglich entfernt.<\/p><p>\u00a0<\/p><p><u>Urheberrecht<\/u><\/p><p>Die auf unserer Webseite ver\u00f6ffentlichen Inhalte und Werke unterliegen dem deutschen Urheberrecht. Die Vervielf\u00e4ltigung, Bearbeitung, Verbreitung und jede Art der Verwertung des geistigen Eigentums in ideeller und materieller Sicht des Urhebers au\u00dferhalb der Grenzen des Urheberrechtes bed\u00fcrfen der vorherigen schriftlichen Zustimmung des jeweiligen Urhebers. Die Inhalte Dritter werden als solche kenntlich gemacht. Sollten Sie trotzdem auf eine Urheberrechtsverletzung aufmerksam werden, bitten wir um einen entsprechenden Hinweis. Bei Bekanntwerden von Rechtsverletzungen werden wir derartige Inhalte unverz\u00fcglich entfernen.<\/p>\t\t\t\t\t\t\t\t<\/div>\n\t\t\t\t<\/div>\n\t\t\t\t\t<\/div>\n\t\t<\/div>\n\t\t\t\t\t<\/div>\n\t\t<\/section>\n\t\t\t\t<\/div>","protected":false},"excerpt":{"rendered":"<p>Impressum Angaben gem. \u00a7 5 TMG Alexas AlphabetAlexa FindeisenGlehner Weg 11 41464 Neuss 0176-32615704info@alexasalphabet.com Umsatzsteuer-IDUmsatzsteuer-Identifikationsnummer gem. \u00a7 27 a Umsatzsteuergesetz:DE 302304616 \u2013 Finanzamt Neuss FotosAnna Mayer-Kahlen FotografieTruthdesign grafik &amp; fotografie Haftungsausschluss Haftung f\u00fcr Inhalte Alle Inhalte unseres Internetauftritts wurden mit gr\u00f6\u00dfter Sorgfalt und nach bestem Gewissen erstellt. F\u00fcr die Richtigkeit, Vollst\u00e4ndigkeit und Aktualit\u00e4t der Inhalte [&hellip;]<\/p>\n","protected":false},"author":1,"featured_media":0,"parent":0,"menu_order":0,"comment_status":"closed","ping_status":"closed","template":"","meta":{"_seopress_robots_primary_cat":"","_seopress_titles_title":"","_seopress_titles_desc":"","_seopress_robots_index":"yes","footnotes":""},"class_list":["post-42","page","type-page","status-publish","hentry"],"_links":{"self":[{"href":"https:\/\/www.alexasalphabet.com\/en\/wp-json\/wp\/v2\/pages\/42","targetHints":{"allow":["GET"]}}],"collection":[{"href":"https:\/\/www.alexasalphabet.com\/en\/wp-json\/wp\/v2\/pages"}],"about":[{"href":"https:\/\/www.alexasalphabet.com\/en\/wp-json\/wp\/v2\/types\/page"}],"author":[{"embeddable":true,"href":"https:\/\/www.alexasalphabet.com\/en\/wp-json\/wp\/v2\/users\/1"}],"replies":[{"embeddable":true,"href":"https:\/\/www.alexasalphabet.com\/en\/wp-json\/wp\/v2\/comments?post=42"}],"version-history":[{"count":8,"href":"https:\/\/www.alexasalphabet.com\/en\/wp-json\/wp\/v2\/pages\/42\/revisions"}],"predecessor-version":[{"id":19123,"href":"https:\/\/www.alexasalphabet.com\/en\/wp-json\/wp\/v2\/pages\/42\/revisions\/19123"}],"wp:attachment":[{"href":"https:\/\/www.alexasalphabet.com\/en\/wp-json\/wp\/v2\/media?parent=42"}],"curies":[{"name":"wp","href":"https:\/\/api.w.org\/{rel}","templated":true}]}}