{"id":2448,"date":"2019-06-28T14:39:45","date_gmt":"2019-06-28T12:39:45","guid":{"rendered":"https:\/\/alexasalphabet.com\/versand__lieferung\/"},"modified":"2019-08-02T00:49:13","modified_gmt":"2019-08-01T22:49:13","slug":"versand__lieferung","status":"publish","type":"page","link":"https:\/\/www.alexasalphabet.com\/en\/versand__lieferung\/","title":{"rendered":"Shipping &amp; Delivery"},"content":{"rendered":"<div data-elementor-type=\"wp-post\" data-elementor-id=\"2448\" class=\"elementor elementor-2448\" data-elementor-post-type=\"page\">\n\t\t\t\t\t\t<section class=\"elementor-section elementor-top-section elementor-element elementor-element-15186ad6 elementor-section-boxed elementor-section-height-default elementor-section-height-default\" data-id=\"15186ad6\" data-element_type=\"section\" data-e-type=\"section\">\n\t\t\t\t\t\t<div class=\"elementor-container elementor-column-gap-default\">\n\t\t\t\t\t<div class=\"elementor-column elementor-col-100 elementor-top-column elementor-element elementor-element-78054730\" data-id=\"78054730\" data-element_type=\"column\" data-e-type=\"column\">\n\t\t\t<div class=\"elementor-widget-wrap elementor-element-populated\">\n\t\t\t\t\t\t<div class=\"elementor-element elementor-element-b9fd719 elementor-widget elementor-widget-heading\" data-id=\"b9fd719\" data-element_type=\"widget\" data-e-type=\"widget\" data-widget_type=\"heading.default\">\n\t\t\t\t<div class=\"elementor-widget-container\">\n\t\t\t\t\t<h1 class=\"elementor-heading-title elementor-size-default\">Preise, Versand &amp; Lieferung<\/h1>\t\t\t\t<\/div>\n\t\t\t\t<\/div>\n\t\t\t\t<div class=\"elementor-element elementor-element-a6a526b elementor-widget elementor-widget-text-editor\" data-id=\"a6a526b\" data-element_type=\"widget\" data-e-type=\"widget\" data-widget_type=\"text-editor.default\">\n\t\t\t\t<div class=\"elementor-widget-container\">\n\t\t\t\t\t\t\t\t\t<p>The prices stated on the product pages include the statutory VAT and other price components.<\/p><p>We currently only deliver within Germany and Austria. Other delivery countries on <a href=\"\/en\/kontakt-faq\/\">Request<\/a>.<\/p><p>In addition to the indicated prices, we charge a flat rate per order for delivery within Germany and Austria. For single, smaller items, such as our children's skirts, we charge a reduced flat rate of <b>2,80 \u20ac (including tax)<\/b>. For orders with larger or more products we charge a flat rate <b>4,00 \u20ac <\/b><b>(VAT included)<\/b> Shipping. From an order value of 150 \u20ac the order is <b>free of shipping costs<\/b>. The respective shipping costs will be clearly communicated to you in the shopping cart system and on the order page.<\/p><p>The flat-rate shipping costs include the statutory VAT. Since the VAT on the shipping flat rate is calculated depending on the goods purchased, it may be reduced if goods are purchased at lower VAT rates (e.g. if books are purchased). This means that the flat-rate shipping costs can only be finally calculated during the ordering process. However, it cannot be increased, but only reduced in your favour.<\/p>\t\t\t\t\t\t\t\t<\/div>\n\t\t\t\t<\/div>\n\t\t\t\t<div class=\"elementor-element elementor-element-fec1dfc elementor-widget elementor-widget-spacer\" data-id=\"fec1dfc\" data-element_type=\"widget\" data-e-type=\"widget\" data-widget_type=\"spacer.default\">\n\t\t\t\t<div class=\"elementor-widget-container\">\n\t\t\t\t\t\t\t<div class=\"elementor-spacer\">\n\t\t\t<div class=\"elementor-spacer-inner\"><\/div>\n\t\t<\/div>\n\t\t\t\t\t\t<\/div>\n\t\t\t\t<\/div>\n\t\t\t\t\t<\/div>\n\t\t<\/div>\n\t\t\t\t\t<\/div>\n\t\t<\/section>\n\t\t\t\t<\/div>","protected":false},"excerpt":{"rendered":"<p>Preise, Versand &#038; Lieferung Die auf den Produktseiten genannten Preise enthalten die gesetzliche Mehrwertsteuer und sonstige Preisbestandteile. Wir liefern derzeit nur innerhalb Deutschlands und \u00d6sterreichs. Andere Lieferl\u00e4nder auf Anfrage. Zus\u00e4tzlich zu den angegebenen Preisen berechnen wir f\u00fcr die Lieferung innerhalb Deutschlands und \u00d6sterreichs eine Versandkostenpauschale pro Bestellung. F\u00fcr einzelne, kleinere Artikel, wie z.B. unsere Kinderr\u00f6cke, [&hellip;]<\/p>\n","protected":false},"author":1,"featured_media":0,"parent":0,"menu_order":0,"comment_status":"closed","ping_status":"closed","template":"","meta":{"_seopress_robots_primary_cat":"","_seopress_titles_title":"","_seopress_titles_desc":"","_seopress_robots_index":"","footnotes":""},"class_list":["post-2448","page","type-page","status-publish","hentry"],"_links":{"self":[{"href":"https:\/\/www.alexasalphabet.com\/en\/wp-json\/wp\/v2\/pages\/2448","targetHints":{"allow":["GET"]}}],"collection":[{"href":"https:\/\/www.alexasalphabet.com\/en\/wp-json\/wp\/v2\/pages"}],"about":[{"href":"https:\/\/www.alexasalphabet.com\/en\/wp-json\/wp\/v2\/types\/page"}],"author":[{"embeddable":true,"href":"https:\/\/www.alexasalphabet.com\/en\/wp-json\/wp\/v2\/users\/1"}],"replies":[{"embeddable":true,"href":"https:\/\/www.alexasalphabet.com\/en\/wp-json\/wp\/v2\/comments?post=2448"}],"version-history":[{"count":12,"href":"https:\/\/www.alexasalphabet.com\/en\/wp-json\/wp\/v2\/pages\/2448\/revisions"}],"predecessor-version":[{"id":3335,"href":"https:\/\/www.alexasalphabet.com\/en\/wp-json\/wp\/v2\/pages\/2448\/revisions\/3335"}],"wp:attachment":[{"href":"https:\/\/www.alexasalphabet.com\/en\/wp-json\/wp\/v2\/media?parent=2448"}],"curies":[{"name":"wp","href":"https:\/\/api.w.org\/{rel}","templated":true}]}}